{"id":123,"date":"2021-06-30T15:24:21","date_gmt":"2021-06-30T15:24:21","guid":{"rendered":"http:\/\/atisbutikrestaurant.com.tr\/?post_type=product&#038;p=123"},"modified":"2026-03-06T09:12:14","modified_gmt":"2026-03-06T09:12:14","slug":"peruhi","status":"publish","type":"product","link":"https:\/\/atisbutikrestaurant.com.tr\/en\/product\/peruhi\/","title":{"rendered":"Peruhi"},"content":{"rendered":"<p>Peruhi<\/p>","protected":false},"excerpt":{"rendered":"<ul>\n<li>Safranbolu Torba Yo\u011furt&#8217;u<\/li>\n<li>K\u0131zd\u0131r\u0131lm\u0131\u015f Tereya\u011f<\/li>\n<li>Nane<\/li>\n<\/ul>","protected":false},"featured_media":299,"comment_status":"open","ping_status":"closed","template":"","meta":[],"product_cat":[15],"product_tag":[],"_links":{"self":[{"href":"https:\/\/atisbutikrestaurant.com.tr\/en\/wp-json\/wp\/v2\/product\/123"}],"collection":[{"href":"https:\/\/atisbutikrestaurant.com.tr\/en\/wp-json\/wp\/v2\/product"}],"about":[{"href":"https:\/\/atisbutikrestaurant.com.tr\/en\/wp-json\/wp\/v2\/types\/product"}],"replies":[{"embeddable":true,"href":"https:\/\/atisbutikrestaurant.com.tr\/en\/wp-json\/wp\/v2\/comments?post=123"}],"wp:featuredmedia":[{"embeddable":true,"href":"https:\/\/atisbutikrestaurant.com.tr\/en\/wp-json\/wp\/v2\/media\/299"}],"wp:attachment":[{"href":"https:\/\/atisbutikrestaurant.com.tr\/en\/wp-json\/wp\/v2\/media?parent=123"}],"wp:term":[{"taxonomy":"product_cat","embeddable":true,"href":"https:\/\/atisbutikrestaurant.com.tr\/en\/wp-json\/wp\/v2\/product_cat?post=123"},{"taxonomy":"product_tag","embeddable":true,"href":"https:\/\/atisbutikrestaurant.com.tr\/en\/wp-json\/wp\/v2\/product_tag?post=123"}],"curies":[{"name":"wp","href":"https:\/\/api.w.org\/{rel}","templated":true}]}}