{"id":178,"date":"2021-06-30T21:48:07","date_gmt":"2021-06-30T21:48:07","guid":{"rendered":"http:\/\/atisbutikrestaurant.com.tr\/?post_type=product&#038;p=178"},"modified":"2026-01-09T11:50:19","modified_gmt":"2026-01-09T11:50:19","slug":"kebap","status":"publish","type":"product","link":"https:\/\/atisbutikrestaurant.com.tr\/en\/product\/kebap\/","title":{"rendered":"Kebab"},"content":{"rendered":"<p>Ati\u015f Kebap (Ac\u0131s\u0131z)<\/p>","protected":false},"excerpt":{"rendered":"<p>Ati\u015f Kebap (Ac\u0131s\u0131z)<\/p>","protected":false},"featured_media":279,"comment_status":"open","ping_status":"closed","template":"","meta":[],"product_cat":[30],"product_tag":[],"_links":{"self":[{"href":"https:\/\/atisbutikrestaurant.com.tr\/en\/wp-json\/wp\/v2\/product\/178"}],"collection":[{"href":"https:\/\/atisbutikrestaurant.com.tr\/en\/wp-json\/wp\/v2\/product"}],"about":[{"href":"https:\/\/atisbutikrestaurant.com.tr\/en\/wp-json\/wp\/v2\/types\/product"}],"replies":[{"embeddable":true,"href":"https:\/\/atisbutikrestaurant.com.tr\/en\/wp-json\/wp\/v2\/comments?post=178"}],"wp:featuredmedia":[{"embeddable":true,"href":"https:\/\/atisbutikrestaurant.com.tr\/en\/wp-json\/wp\/v2\/media\/279"}],"wp:attachment":[{"href":"https:\/\/atisbutikrestaurant.com.tr\/en\/wp-json\/wp\/v2\/media?parent=178"}],"wp:term":[{"taxonomy":"product_cat","embeddable":true,"href":"https:\/\/atisbutikrestaurant.com.tr\/en\/wp-json\/wp\/v2\/product_cat?post=178"},{"taxonomy":"product_tag","embeddable":true,"href":"https:\/\/atisbutikrestaurant.com.tr\/en\/wp-json\/wp\/v2\/product_tag?post=178"}],"curies":[{"name":"wp","href":"https:\/\/api.w.org\/{rel}","templated":true}]}}