{"id":212,"date":"2021-06-30T22:15:25","date_gmt":"2021-06-30T22:15:25","guid":{"rendered":"http:\/\/atisbutikrestaurant.com.tr\/?post_type=product&#038;p=212"},"modified":"2026-03-06T09:02:39","modified_gmt":"2026-03-06T09:02:39","slug":"tost","status":"publish","type":"product","link":"https:\/\/atisbutikrestaurant.com.tr\/en\/product\/tost\/","title":{"rendered":"Toast"},"content":{"rendered":"<p>Tost (Kar\u0131\u015f\u0131k &amp; Ka\u015farl\u0131)<\/p>","protected":false},"excerpt":{"rendered":"<p>Tost (Kar\u0131\u015f\u0131k &amp; Ka\u015farl\u0131)<\/p>","protected":false},"featured_media":240,"comment_status":"open","ping_status":"closed","template":"","meta":[],"product_cat":[28],"product_tag":[],"_links":{"self":[{"href":"https:\/\/atisbutikrestaurant.com.tr\/en\/wp-json\/wp\/v2\/product\/212"}],"collection":[{"href":"https:\/\/atisbutikrestaurant.com.tr\/en\/wp-json\/wp\/v2\/product"}],"about":[{"href":"https:\/\/atisbutikrestaurant.com.tr\/en\/wp-json\/wp\/v2\/types\/product"}],"replies":[{"embeddable":true,"href":"https:\/\/atisbutikrestaurant.com.tr\/en\/wp-json\/wp\/v2\/comments?post=212"}],"wp:featuredmedia":[{"embeddable":true,"href":"https:\/\/atisbutikrestaurant.com.tr\/en\/wp-json\/wp\/v2\/media\/240"}],"wp:attachment":[{"href":"https:\/\/atisbutikrestaurant.com.tr\/en\/wp-json\/wp\/v2\/media?parent=212"}],"wp:term":[{"taxonomy":"product_cat","embeddable":true,"href":"https:\/\/atisbutikrestaurant.com.tr\/en\/wp-json\/wp\/v2\/product_cat?post=212"},{"taxonomy":"product_tag","embeddable":true,"href":"https:\/\/atisbutikrestaurant.com.tr\/en\/wp-json\/wp\/v2\/product_tag?post=212"}],"curies":[{"name":"wp","href":"https:\/\/api.w.org\/{rel}","templated":true}]}}