{"id":214,"date":"2021-06-30T22:17:03","date_gmt":"2021-06-30T22:17:03","guid":{"rendered":"http:\/\/atisbutikrestaurant.com.tr\/?post_type=product&#038;p=214"},"modified":"2025-12-02T15:45:34","modified_gmt":"2025-12-02T15:45:34","slug":"erik-uzum","status":"publish","type":"product","link":"https:\/\/atisbutikrestaurant.com.tr\/en\/product\/erik-uzum\/","title":{"rendered":"Ati\u015f \u015eerbet Erik &#038; \u00dcz\u00fcm"},"content":{"rendered":"<p>Ev Yap\u0131m\u0131 \u00fcz\u00fcm suyu- Homemade Grape Juice<\/p>","protected":false},"excerpt":{"rendered":"<p>Ev Yap\u0131m\u0131 \u00fcz\u00fcm suyu- Homemade Grape Juice<\/p>","protected":false},"featured_media":239,"comment_status":"open","ping_status":"closed","template":"","meta":[],"product_cat":[32],"product_tag":[],"_links":{"self":[{"href":"https:\/\/atisbutikrestaurant.com.tr\/en\/wp-json\/wp\/v2\/product\/214"}],"collection":[{"href":"https:\/\/atisbutikrestaurant.com.tr\/en\/wp-json\/wp\/v2\/product"}],"about":[{"href":"https:\/\/atisbutikrestaurant.com.tr\/en\/wp-json\/wp\/v2\/types\/product"}],"replies":[{"embeddable":true,"href":"https:\/\/atisbutikrestaurant.com.tr\/en\/wp-json\/wp\/v2\/comments?post=214"}],"wp:featuredmedia":[{"embeddable":true,"href":"https:\/\/atisbutikrestaurant.com.tr\/en\/wp-json\/wp\/v2\/media\/239"}],"wp:attachment":[{"href":"https:\/\/atisbutikrestaurant.com.tr\/en\/wp-json\/wp\/v2\/media?parent=214"}],"wp:term":[{"taxonomy":"product_cat","embeddable":true,"href":"https:\/\/atisbutikrestaurant.com.tr\/en\/wp-json\/wp\/v2\/product_cat?post=214"},{"taxonomy":"product_tag","embeddable":true,"href":"https:\/\/atisbutikrestaurant.com.tr\/en\/wp-json\/wp\/v2\/product_tag?post=214"}],"curies":[{"name":"wp","href":"https:\/\/api.w.org\/{rel}","templated":true}]}}